{"id":594,"date":"2026-03-03T07:28:34","date_gmt":"2026-03-03T07:28:34","guid":{"rendered":"https:\/\/rnd-con.adozet.com\/?page_id=594"},"modified":"2026-03-03T07:29:14","modified_gmt":"2026-03-03T07:29:14","slug":"outsourcing","status":"publish","type":"page","link":"https:\/\/rnd-con.adozet.com\/index.php\/outsourcing\/","title":{"rendered":"Outsourcing"},"content":{"rendered":"\t\t<div data-elementor-type=\"wp-page\" data-elementor-id=\"594\" class=\"elementor elementor-594\">\n\t\t\t\t<div class=\"elementor-element elementor-element-c37a18e e-con-full e-flex e-con e-parent\" data-id=\"c37a18e\" data-element_type=\"container\" data-e-type=\"container\">\n\t\t\t\t<div class=\"elementor-element elementor-element-6c48e03 elementor-widget elementor-widget-spacer\" data-id=\"6c48e03\" data-element_type=\"widget\" data-e-type=\"widget\" data-widget_type=\"spacer.default\">\n\t\t\t\t\t\t\t<div class=\"elementor-spacer\">\n\t\t\t<div class=\"elementor-spacer-inner\"><\/div>\n\t\t<\/div>\n\t\t\t\t\t\t<\/div>\n\t\t\t\t<\/div>\n\t\t<div class=\"elementor-element elementor-element-2fd00aa e-con-full e-flex e-con e-parent\" data-id=\"2fd00aa\" data-element_type=\"container\" data-e-type=\"container\">\n\t\t<div class=\"elementor-element elementor-element-b9ee1ef e-flex e-con-boxed e-con e-child\" data-id=\"b9ee1ef\" data-element_type=\"container\" data-e-type=\"container\">\n\t\t\t\t\t<div class=\"e-con-inner\">\n\t\t\t\t<div class=\"elementor-element elementor-element-1f5bb0e elementor-widget elementor-widget-eael-breadcrumbs\" data-id=\"1f5bb0e\" data-element_type=\"widget\" data-e-type=\"widget\" data-widget_type=\"eael-breadcrumbs.default\">\n\t\t\t\t<div class=\"elementor-widget-container\">\n\t\t\t\t\t\t\t<div class=\"eael-breadcrumbs\">\n\t\t\t<div class=\"eael-breadcrumbs__content\"><a href=\"https:\/\/rnd-con.adozet.com\">Home<\/a> <span class=\"eael-breadcrumb-separator\">\/<\/span> <span class = \"eael-current\">Strona<\/span><\/div>\t\t<\/div>\n\t\t\t\t\t\t<\/div>\n\t\t\t\t<\/div>\n\t\t\t\t<div class=\"elementor-element elementor-element-4658c1b title elementor-widget elementor-widget-heading\" data-id=\"4658c1b\" data-element_type=\"widget\" data-e-type=\"widget\" data-widget_type=\"heading.default\">\n\t\t\t\t\t<h2 class=\"elementor-heading-title elementor-size-default\">Outsourcing<\/h2>\t\t\t\t<\/div>\n\t\t\t\t<div class=\"elementor-element elementor-element-c7884cc elementor-widget elementor-widget-text-editor\" data-id=\"c7884cc\" data-element_type=\"widget\" data-e-type=\"widget\" data-widget_type=\"text-editor.default\">\n\t\t\t\t\t\t\t\t\t<p>\u00a0<\/p><p><strong>Szereg\u00a0zada\u0144 dzia\u0142u jako\u015bci mo\u017ce zosta\u0107 zlecone do RnD.Aero \u2013 zar\u00f3wno w trakcie wdro\u017cenia i certyfikacji jak i na etapie ci\u0105g\u0142ego funkcjonowania system\u00f3w takich jak ISM w organizacji projektuj\u0105cej czy SZJ w organizacjach produkuj\u0105cych oraz u poddostawc\u00f3w dla bran\u017cy lotniczej.<\/strong>\u00a0<\/p><p>Zakres takich funkcji mo\u017ce obejmowa\u0107, ale nie jest ograniczony:<\/p><ul><li>Wdro\u017cenie systemu w przedsi\u0119biorstwie<\/li><li>Udzia\u0142 w certyfikacji jako Pe\u0142nomocnik ds. SZJ lub Audytor wewn\u0119trzny czy w\u0142a\u015bciciel procesu<\/li><li>Tworzenie plan\u00f3w jako\u015bci<\/li><li>Przeprowadzanie audyt\u00f3w wewn\u0119trznych<\/li><li>Tworzenie raport\u00f3w z audyt\u00f3w wewn\u0119trznych<\/li><li>Nadz\u00f3r nad realizacj\u0105 dzia\u0142a\u0144 koryguj\u0105cych i naprawczych<\/li><li>Przeprowadzanie audyt\u00f3w dostawc\u00f3w<\/li><li>Nadz\u00f3r nad rozszerzaniem sieci dostawc\u00f3w<\/li><li>Tworzenie plan\u00f3w jako\u015bci zgodnie z wymaganiami Klient\u00f3w Wojskowych<\/li><li>Analiza i doskonalenie proces\u00f3w<\/li><li>Rozszerzanie zakresu Systemu Zarz\u0105dzania Jako\u015bci\u0105<\/li><li>Szkolenia wewn\u0119trzne z zakresu Systemu Zarz\u0105dzania Jako\u015bci\u0105 oraz przepis\u00f3w dla lotnictwa cywilnego<\/li><li>Aktualizowanie dokumentacji Systemu Zarz\u0105dzania Jako\u015bci\u0105 w nast\u0119pstwie zmian wymaga\u0144 Odbiorc\u00f3w i potrzeb Organizacji<\/li><li>Dostosowywanie dokumentacji Systemu Zarz\u0105dzania Jako\u015bci\u0105 do nowych wyda\u0144 normy<\/li><li>Integracja System\u00f3w Zarz\u0105dzania Jako\u015bci\u0105 zgodnych z AS9100 z innymi Systemami\/Procedurami dzia\u0142aj\u0105cymi lub wdra\u017canymi w firmie\u00a0<\/li><\/ul><p>\u00a0<\/p><p><strong>Korzy\u015bci z outsourcingu do RnD.Aero:<\/strong><\/p><ul><li><strong>Lokalizacja w Dolinie Lotniczej<\/strong>\u00a0\u2013 w bezpo\u015brednim s\u0105siedztwie ponad 200 potencjalnych dostawc\u00f3w i kontrahent\u00f3w z bran\u017cy lotniczej<\/li><li><strong>Sie\u0107 sprawdzonych podwykonawc\u00f3w i dostawc\u00f3w<\/strong>\u00a0\u2013 na bazie naszych do\u015bwiadcze\u0144<\/li><li><strong>Wsparcie dla nominowanego Pe\u0142nomocnika ds. Jako\u015bci<\/strong><\/li><li><strong>Dost\u0119p do personelu Zarz\u0105dzania Jako\u015bci\u0105 z bezpo\u015brednim do\u015bwiadczeniem<br \/>w lotnictwie<\/strong><\/li><li><strong>Mo\u017cliwo\u015b\u0107 szybkiego wdra\u017cania System\u00f3w Zarz\u0105dzania Jako\u015bci\u0105 lub poszczeg\u00f3lnych procedur u dostawc\u00f3w \u2013\u00a0<\/strong>zgodnie z okre\u015blonymi wymaganiami<\/li><li><strong>Dost\u0119p do unikalnego zespo\u0142u ekspert\u00f3w lotniczych<\/strong><\/li><\/ul><p>\u00a0<\/p>\t\t\t\t\t\t\t\t<\/div>\n\t\t\t\t\t<\/div>\n\t\t\t\t<\/div>\n\t\t\t\t<\/div>\n\t\t<div class=\"elementor-element elementor-element-e910413 e-flex e-con-boxed e-con e-parent\" data-id=\"e910413\" data-element_type=\"container\" data-e-type=\"container\">\n\t\t\t\t\t<div class=\"e-con-inner\">\n\t\t\t\t<div class=\"elementor-element elementor-element-c95c48d elementor-widget elementor-widget-spacer\" data-id=\"c95c48d\" data-element_type=\"widget\" data-e-type=\"widget\" data-widget_type=\"spacer.default\">\n\t\t\t\t\t\t\t<div class=\"elementor-spacer\">\n\t\t\t<div class=\"elementor-spacer-inner\"><\/div>\n\t\t<\/div>\n\t\t\t\t\t\t<\/div>\n\t\t\t\t\t<\/div>\n\t\t\t\t<\/div>\n\t\t<div class=\"elementor-element elementor-element-a6658db e-flex e-con-boxed e-con e-parent\" data-id=\"a6658db\" data-element_type=\"container\" data-e-type=\"container\">\n\t\t\t\t\t<div class=\"e-con-inner\">\n\t\t\t\t<div class=\"elementor-element elementor-element-584dcdd elementor-widget elementor-widget-spacer\" data-id=\"584dcdd\" data-element_type=\"widget\" data-e-type=\"widget\" data-widget_type=\"spacer.default\">\n\t\t\t\t\t\t\t<div class=\"elementor-spacer\">\n\t\t\t<div class=\"elementor-spacer-inner\"><\/div>\n\t\t<\/div>\n\t\t\t\t\t\t<\/div>\n\t\t\t\t\t<\/div>\n\t\t\t\t<\/div>\n\t\t\t\t<\/div>\n\t\t","protected":false},"excerpt":{"rendered":"<p>Home \/ Strona Outsourcing \u00a0 Szereg\u00a0zada\u0144 dzia\u0142u jako\u015bci mo\u017ce zosta\u0107 zlecone do RnD.Aero \u2013 zar\u00f3wno w trakcie wdro\u017cenia i certyfikacji jak i na etapie ci\u0105g\u0142ego funkcjonowania system\u00f3w takich jak ISM w organizacji projektuj\u0105cej czy SZJ w organizacjach produkuj\u0105cych oraz u poddostawc\u00f3w dla bran\u017cy lotniczej.\u00a0 Zakres takich funkcji mo\u017ce obejmowa\u0107, ale nie jest ograniczony: Wdro\u017cenie systemu [&hellip;]<\/p>\n","protected":false},"author":1,"featured_media":0,"parent":0,"menu_order":0,"comment_status":"closed","ping_status":"closed","template":"elementor_header_footer","meta":{"footnotes":""},"class_list":["post-594","page","type-page","status-publish","hentry"],"_links":{"self":[{"href":"https:\/\/rnd-con.adozet.com\/index.php\/wp-json\/wp\/v2\/pages\/594","targetHints":{"allow":["GET"]}}],"collection":[{"href":"https:\/\/rnd-con.adozet.com\/index.php\/wp-json\/wp\/v2\/pages"}],"about":[{"href":"https:\/\/rnd-con.adozet.com\/index.php\/wp-json\/wp\/v2\/types\/page"}],"author":[{"embeddable":true,"href":"https:\/\/rnd-con.adozet.com\/index.php\/wp-json\/wp\/v2\/users\/1"}],"replies":[{"embeddable":true,"href":"https:\/\/rnd-con.adozet.com\/index.php\/wp-json\/wp\/v2\/comments?post=594"}],"version-history":[{"count":4,"href":"https:\/\/rnd-con.adozet.com\/index.php\/wp-json\/wp\/v2\/pages\/594\/revisions"}],"predecessor-version":[{"id":598,"href":"https:\/\/rnd-con.adozet.com\/index.php\/wp-json\/wp\/v2\/pages\/594\/revisions\/598"}],"wp:attachment":[{"href":"https:\/\/rnd-con.adozet.com\/index.php\/wp-json\/wp\/v2\/media?parent=594"}],"curies":[{"name":"wp","href":"https:\/\/api.w.org\/{rel}","templated":true}]}}