{"id":506,"date":"2026-02-26T08:09:21","date_gmt":"2026-02-26T08:09:21","guid":{"rendered":"https:\/\/rnd-con.adozet.com\/?page_id=506"},"modified":"2026-02-26T08:48:28","modified_gmt":"2026-02-26T08:48:28","slug":"kariera","status":"publish","type":"page","link":"https:\/\/rnd-con.adozet.com\/index.php\/kariera\/","title":{"rendered":"Kariera"},"content":{"rendered":"\t\t<div data-elementor-type=\"wp-page\" data-elementor-id=\"506\" class=\"elementor elementor-506\">\n\t\t\t\t<div class=\"elementor-element elementor-element-c37a18e e-con-full e-flex e-con e-parent\" data-id=\"c37a18e\" data-element_type=\"container\" data-e-type=\"container\">\n\t\t\t\t<div class=\"elementor-element elementor-element-6c48e03 elementor-widget elementor-widget-spacer\" data-id=\"6c48e03\" data-element_type=\"widget\" data-e-type=\"widget\" data-widget_type=\"spacer.default\">\n\t\t\t\t\t\t\t<div class=\"elementor-spacer\">\n\t\t\t<div class=\"elementor-spacer-inner\"><\/div>\n\t\t<\/div>\n\t\t\t\t\t\t<\/div>\n\t\t\t\t<\/div>\n\t\t<div class=\"elementor-element elementor-element-2fd00aa e-con-full e-flex e-con e-parent\" data-id=\"2fd00aa\" data-element_type=\"container\" data-e-type=\"container\">\n\t\t<div class=\"elementor-element elementor-element-b9ee1ef e-flex e-con-boxed e-con e-child\" data-id=\"b9ee1ef\" data-element_type=\"container\" data-e-type=\"container\">\n\t\t\t\t\t<div class=\"e-con-inner\">\n\t\t\t\t<div class=\"elementor-element elementor-element-1f5bb0e elementor-widget elementor-widget-eael-breadcrumbs\" data-id=\"1f5bb0e\" data-element_type=\"widget\" data-e-type=\"widget\" data-widget_type=\"eael-breadcrumbs.default\">\n\t\t\t\t<div class=\"elementor-widget-container\">\n\t\t\t\t\t\t\t<div class=\"eael-breadcrumbs\">\n\t\t\t<div class=\"eael-breadcrumbs__content\"><a href=\"https:\/\/rnd-con.adozet.com\">Home<\/a> <span class=\"eael-breadcrumb-separator\">\/<\/span> <span class = \"eael-current\">Strona<\/span><\/div>\t\t<\/div>\n\t\t\t\t\t\t<\/div>\n\t\t\t\t<\/div>\n\t\t\t\t<div class=\"elementor-element elementor-element-4658c1b title elementor-widget elementor-widget-heading\" data-id=\"4658c1b\" data-element_type=\"widget\" data-e-type=\"widget\" data-widget_type=\"heading.default\">\n\t\t\t\t\t<h2 class=\"elementor-heading-title elementor-size-default\">Kariera<\/h2>\t\t\t\t<\/div>\n\t\t\t\t<div class=\"elementor-element elementor-element-c7884cc elementor-widget elementor-widget-text-editor\" data-id=\"c7884cc\" data-element_type=\"widget\" data-e-type=\"widget\" data-widget_type=\"text-editor.default\">\n\t\t\t\t\t\t\t\t\t<p>Do\u0142\u0105cz do nas ju\u017c dzi\u015b!<\/p>\n\n<p>&nbsp;<\/p>\n\n<p>\nWraz z otwarciem nowego biura i produkcji w Inkubatorze Technologicznym Podkarpackiego Parku Naukowo-Technologicznego w Jasionce od wrze\u015bnia 2019 rozpoczynamy program sta\u017cy oraz szukamy nowych ambitnych wsp\u00f3\u0142pracownik\u00f3w.\n<\/p>\n\n<p>\nJe\u015bli chcesz by\u0107 cz\u0119\u015bci\u0105 naszego zespo\u0142u, jeste\u015b ambitny i lubisz nowe wyzwania, do\u0142\u0105cz do Nas!\n<\/p>\n\n<p>&nbsp;<\/p>\n\n<p>\nPraca w naszej firmie to mo\u017cliwo\u015b\u0107 uczestniczenia w ambitnych projektach lotniczych, je\u015bli jeste\u015b zainteresowany zapraszamy do kontaktu \n<a href=\"mailto:rekrutacja@rndaero.com\"\n   style=\"color:#555555; text-decoration:underline; transition:color 0.3s ease;\"\n   onmouseover=\"this.style.color='#2eca6a';\"\n   onmouseout=\"this.style.color='#555555';\">\n   rekrutacja@rndaero.com\n<\/a>\n<\/p>\n\n<p>\nPrzekonaj Nas \u017ce to w\u0142a\u015bnie Ciebie szukamy!\n<\/p>\t\t\t\t\t\t\t\t<\/div>\n\t\t\t\t\t<\/div>\n\t\t\t\t<\/div>\n\t\t\t\t<\/div>\n\t\t<div class=\"elementor-element elementor-element-e910413 e-flex e-con-boxed e-con e-parent\" data-id=\"e910413\" data-element_type=\"container\" data-e-type=\"container\">\n\t\t\t\t\t<div class=\"e-con-inner\">\n\t\t\t\t<div class=\"elementor-element elementor-element-c95c48d elementor-widget elementor-widget-spacer\" data-id=\"c95c48d\" data-element_type=\"widget\" data-e-type=\"widget\" data-widget_type=\"spacer.default\">\n\t\t\t\t\t\t\t<div class=\"elementor-spacer\">\n\t\t\t<div class=\"elementor-spacer-inner\"><\/div>\n\t\t<\/div>\n\t\t\t\t\t\t<\/div>\n\t\t\t\t\t<\/div>\n\t\t\t\t<\/div>\n\t\t<div class=\"elementor-element elementor-element-a6658db e-flex e-con-boxed e-con e-parent\" data-id=\"a6658db\" data-element_type=\"container\" data-e-type=\"container\">\n\t\t\t\t\t<div class=\"e-con-inner\">\n\t\t\t\t<div class=\"elementor-element elementor-element-584dcdd elementor-widget elementor-widget-spacer\" data-id=\"584dcdd\" data-element_type=\"widget\" data-e-type=\"widget\" data-widget_type=\"spacer.default\">\n\t\t\t\t\t\t\t<div class=\"elementor-spacer\">\n\t\t\t<div class=\"elementor-spacer-inner\"><\/div>\n\t\t<\/div>\n\t\t\t\t\t\t<\/div>\n\t\t\t\t\t<\/div>\n\t\t\t\t<\/div>\n\t\t\t\t<\/div>\n\t\t","protected":false},"excerpt":{"rendered":"<p>Home \/ Strona Kariera Do\u0142\u0105cz do nas ju\u017c dzi\u015b! &nbsp; Wraz z otwarciem nowego biura i produkcji w Inkubatorze Technologicznym Podkarpackiego Parku Naukowo-Technologicznego w Jasionce od wrze\u015bnia 2019 rozpoczynamy program sta\u017cy oraz szukamy nowych ambitnych wsp\u00f3\u0142pracownik\u00f3w. Je\u015bli chcesz by\u0107 cz\u0119\u015bci\u0105 naszego zespo\u0142u, jeste\u015b ambitny i lubisz nowe wyzwania, do\u0142\u0105cz do Nas! &nbsp; Praca w naszej [&hellip;]<\/p>\n","protected":false},"author":1,"featured_media":0,"parent":0,"menu_order":0,"comment_status":"closed","ping_status":"closed","template":"elementor_header_footer","meta":{"footnotes":""},"class_list":["post-506","page","type-page","status-publish","hentry"],"_links":{"self":[{"href":"https:\/\/rnd-con.adozet.com\/index.php\/wp-json\/wp\/v2\/pages\/506","targetHints":{"allow":["GET"]}}],"collection":[{"href":"https:\/\/rnd-con.adozet.com\/index.php\/wp-json\/wp\/v2\/pages"}],"about":[{"href":"https:\/\/rnd-con.adozet.com\/index.php\/wp-json\/wp\/v2\/types\/page"}],"author":[{"embeddable":true,"href":"https:\/\/rnd-con.adozet.com\/index.php\/wp-json\/wp\/v2\/users\/1"}],"replies":[{"embeddable":true,"href":"https:\/\/rnd-con.adozet.com\/index.php\/wp-json\/wp\/v2\/comments?post=506"}],"version-history":[{"count":4,"href":"https:\/\/rnd-con.adozet.com\/index.php\/wp-json\/wp\/v2\/pages\/506\/revisions"}],"predecessor-version":[{"id":510,"href":"https:\/\/rnd-con.adozet.com\/index.php\/wp-json\/wp\/v2\/pages\/506\/revisions\/510"}],"wp:attachment":[{"href":"https:\/\/rnd-con.adozet.com\/index.php\/wp-json\/wp\/v2\/media?parent=506"}],"curies":[{"name":"wp","href":"https:\/\/api.w.org\/{rel}","templated":true}]}}