{"id":485,"date":"2026-02-26T07:58:01","date_gmt":"2026-02-26T07:58:01","guid":{"rendered":"https:\/\/rnd-con.adozet.com\/?page_id=485"},"modified":"2026-02-26T08:04:12","modified_gmt":"2026-02-26T08:04:12","slug":"doradztwo","status":"publish","type":"page","link":"https:\/\/rnd-con.adozet.com\/index.php\/doradztwo\/","title":{"rendered":"Doradztwo"},"content":{"rendered":"\t\t<div data-elementor-type=\"wp-page\" data-elementor-id=\"485\" class=\"elementor elementor-485\">\n\t\t\t\t<div class=\"elementor-element elementor-element-c37a18e e-con-full e-flex e-con e-parent\" data-id=\"c37a18e\" data-element_type=\"container\" data-e-type=\"container\">\n\t\t\t\t<div class=\"elementor-element elementor-element-6c48e03 elementor-widget elementor-widget-spacer\" data-id=\"6c48e03\" data-element_type=\"widget\" data-e-type=\"widget\" data-widget_type=\"spacer.default\">\n\t\t\t\t\t\t\t<div class=\"elementor-spacer\">\n\t\t\t<div class=\"elementor-spacer-inner\"><\/div>\n\t\t<\/div>\n\t\t\t\t\t\t<\/div>\n\t\t\t\t<\/div>\n\t\t<div class=\"elementor-element elementor-element-2fd00aa e-con-full e-flex e-con e-parent\" data-id=\"2fd00aa\" data-element_type=\"container\" data-e-type=\"container\">\n\t\t<div class=\"elementor-element elementor-element-b9ee1ef e-flex e-con-boxed e-con e-child\" data-id=\"b9ee1ef\" data-element_type=\"container\" data-e-type=\"container\">\n\t\t\t\t\t<div class=\"e-con-inner\">\n\t\t\t\t<div class=\"elementor-element elementor-element-1f5bb0e elementor-widget elementor-widget-eael-breadcrumbs\" data-id=\"1f5bb0e\" data-element_type=\"widget\" data-e-type=\"widget\" data-widget_type=\"eael-breadcrumbs.default\">\n\t\t\t\t<div class=\"elementor-widget-container\">\n\t\t\t\t\t\t\t<div class=\"eael-breadcrumbs\">\n\t\t\t<div class=\"eael-breadcrumbs__content\"><a href=\"https:\/\/rnd-con.adozet.com\">Home<\/a> <span class=\"eael-breadcrumb-separator\">\/<\/span> <span class = \"eael-current\">Strona<\/span><\/div>\t\t<\/div>\n\t\t\t\t\t\t<\/div>\n\t\t\t\t<\/div>\n\t\t\t\t<div class=\"elementor-element elementor-element-4658c1b title elementor-widget elementor-widget-heading\" data-id=\"4658c1b\" data-element_type=\"widget\" data-e-type=\"widget\" data-widget_type=\"heading.default\">\n\t\t\t\t\t<h2 class=\"elementor-heading-title elementor-size-default\">Doradztwo<\/h2>\t\t\t\t<\/div>\n\t\t\t\t<div class=\"elementor-element elementor-element-c7884cc elementor-widget elementor-widget-text-editor\" data-id=\"c7884cc\" data-element_type=\"widget\" data-e-type=\"widget\" data-widget_type=\"text-editor.default\">\n\t\t\t\t\t\t\t\t\t<p>\nPierwszym podstawowym etapem jest przeprowadzenie audytu, na tym etapie zapoznajemy si\u0119 z Pa\u0144stwa firm\u0105, aby okre\u015bli\u0107 najlepsze rozwi\u0105zanie.\n<\/p>\n\n<p>\nProces ten najcz\u0119\u015bciej przebiega w nast\u0119puj\u0105cy spos\u00f3b:\n<\/p>\n\n<ul>\n  <li>\n    Analiza obecnie \n    <a href=\"https:\/\/adozet.com\/wdrozenia-iso\/wdrozenie-iso-9001\/\"\n       style=\"color:#555555; text-decoration:underline; transition:color 0.3s ease;\"\n       onmouseover=\"this.style.color='#2eca6a';\"\n       onmouseout=\"this.style.color='#555555';\">\n       wdro\u017conego Systemu Zarz\u0105dzania Jako\u015bci\u0105 zgodnego z ISO9001\n    <\/a> \n    lub AS9100 oraz okre\u015blenie zakresu niezb\u0119dnych zmian\n  <\/li>\n  <li>Zapoznanie si\u0119 z procesami, struktur\u0105 oraz kontekstem wewn\u0119trznym<\/li>\n  <li>Utworzenie planu opracowania i wdra\u017cania zmian<\/li>\n  <li>Wst\u0119pna prezentacja rozwi\u0105zania z przedstawieniem jak skutecznie go wdro\u017cy\u0107 w Organizacji<\/li>\n<\/ul>\n\n<p><br>\nPo przekazaniu Pa\u0144stwu opracowanego planu wsp\u00f3lnie ustalimy harmonogram i zakres dalszych dzia\u0142a\u0144.\n<\/p>\n\n<p>\nKolejnym etapem jest realizacji opracowanego planu, w dw\u00f3ch krokach. Pierwszym jest opracowanie niezb\u0119dnej dokumentacji. Drugim jest wdro\u017cenie zmian w przedsi\u0119biorstwie. Zako\u0144czenie wdra\u017cania zmian poprzedzone jest przeprowadzeniem audytu na okoliczno\u015b\u0107 zmiany, jego pozytywne przej\u015bcie pozwala na og\u0142oszenie sukcesu.\n<\/p>\n\n<p>\nZach\u0119camy Pa\u0144stwa do kontaktu z naszymi ekspertami w celu om\u00f3wienia mo\u017cliwo\u015bci wsparcia.\n<\/p>\t\t\t\t\t\t\t\t<\/div>\n\t\t\t\t\t<\/div>\n\t\t\t\t<\/div>\n\t\t\t\t<\/div>\n\t\t<div class=\"elementor-element elementor-element-e910413 e-flex e-con-boxed e-con e-parent\" data-id=\"e910413\" data-element_type=\"container\" data-e-type=\"container\">\n\t\t\t\t\t<div class=\"e-con-inner\">\n\t\t\t\t<div class=\"elementor-element elementor-element-c95c48d elementor-widget elementor-widget-spacer\" data-id=\"c95c48d\" data-element_type=\"widget\" data-e-type=\"widget\" data-widget_type=\"spacer.default\">\n\t\t\t\t\t\t\t<div class=\"elementor-spacer\">\n\t\t\t<div class=\"elementor-spacer-inner\"><\/div>\n\t\t<\/div>\n\t\t\t\t\t\t<\/div>\n\t\t\t\t\t<\/div>\n\t\t\t\t<\/div>\n\t\t<div class=\"elementor-element elementor-element-a6658db e-flex e-con-boxed e-con e-parent\" data-id=\"a6658db\" data-element_type=\"container\" data-e-type=\"container\">\n\t\t\t\t\t<div class=\"e-con-inner\">\n\t\t\t\t<div class=\"elementor-element elementor-element-584dcdd elementor-widget elementor-widget-spacer\" data-id=\"584dcdd\" data-element_type=\"widget\" data-e-type=\"widget\" data-widget_type=\"spacer.default\">\n\t\t\t\t\t\t\t<div class=\"elementor-spacer\">\n\t\t\t<div class=\"elementor-spacer-inner\"><\/div>\n\t\t<\/div>\n\t\t\t\t\t\t<\/div>\n\t\t\t\t\t<\/div>\n\t\t\t\t<\/div>\n\t\t\t\t<\/div>\n\t\t","protected":false},"excerpt":{"rendered":"<p>Home \/ Strona Doradztwo Pierwszym podstawowym etapem jest przeprowadzenie audytu, na tym etapie zapoznajemy si\u0119 z Pa\u0144stwa firm\u0105, aby okre\u015bli\u0107 najlepsze rozwi\u0105zanie. Proces ten najcz\u0119\u015bciej przebiega w nast\u0119puj\u0105cy spos\u00f3b: Analiza obecnie wdro\u017conego Systemu Zarz\u0105dzania Jako\u015bci\u0105 zgodnego z ISO9001 lub AS9100 oraz okre\u015blenie zakresu niezb\u0119dnych zmian Zapoznanie si\u0119 z procesami, struktur\u0105 oraz kontekstem wewn\u0119trznym Utworzenie planu [&hellip;]<\/p>\n","protected":false},"author":1,"featured_media":0,"parent":0,"menu_order":0,"comment_status":"closed","ping_status":"closed","template":"elementor_header_footer","meta":{"footnotes":""},"class_list":["post-485","page","type-page","status-publish","hentry"],"_links":{"self":[{"href":"https:\/\/rnd-con.adozet.com\/index.php\/wp-json\/wp\/v2\/pages\/485","targetHints":{"allow":["GET"]}}],"collection":[{"href":"https:\/\/rnd-con.adozet.com\/index.php\/wp-json\/wp\/v2\/pages"}],"about":[{"href":"https:\/\/rnd-con.adozet.com\/index.php\/wp-json\/wp\/v2\/types\/page"}],"author":[{"embeddable":true,"href":"https:\/\/rnd-con.adozet.com\/index.php\/wp-json\/wp\/v2\/users\/1"}],"replies":[{"embeddable":true,"href":"https:\/\/rnd-con.adozet.com\/index.php\/wp-json\/wp\/v2\/comments?post=485"}],"version-history":[{"count":10,"href":"https:\/\/rnd-con.adozet.com\/index.php\/wp-json\/wp\/v2\/pages\/485\/revisions"}],"predecessor-version":[{"id":496,"href":"https:\/\/rnd-con.adozet.com\/index.php\/wp-json\/wp\/v2\/pages\/485\/revisions\/496"}],"wp:attachment":[{"href":"https:\/\/rnd-con.adozet.com\/index.php\/wp-json\/wp\/v2\/media?parent=485"}],"curies":[{"name":"wp","href":"https:\/\/api.w.org\/{rel}","templated":true}]}}