{"id":298,"date":"2026-02-18T10:59:32","date_gmt":"2026-02-18T10:59:32","guid":{"rendered":"https:\/\/rnd-con.adozet.com\/?page_id=298"},"modified":"2026-02-18T13:21:39","modified_gmt":"2026-02-18T13:21:39","slug":"kontakt","status":"publish","type":"page","link":"https:\/\/rnd-con.adozet.com\/index.php\/kontakt\/","title":{"rendered":"Kontakt"},"content":{"rendered":"\t\t<div data-elementor-type=\"wp-page\" data-elementor-id=\"298\" class=\"elementor elementor-298\">\n\t\t\t\t<div class=\"elementor-element elementor-element-1ce0a79 e-con-full e-flex e-con e-parent\" data-id=\"1ce0a79\" data-element_type=\"container\" data-e-type=\"container\">\n\t\t\t\t<div class=\"elementor-element elementor-element-4dd10c8 elementor-widget elementor-widget-spacer\" data-id=\"4dd10c8\" data-element_type=\"widget\" data-e-type=\"widget\" data-widget_type=\"spacer.default\">\n\t\t\t\t\t\t\t<div class=\"elementor-spacer\">\n\t\t\t<div class=\"elementor-spacer-inner\"><\/div>\n\t\t<\/div>\n\t\t\t\t\t\t<\/div>\n\t\t\t\t<\/div>\n\t\t<div class=\"elementor-element elementor-element-c37a18e e-con-full e-flex e-con e-parent\" data-id=\"c37a18e\" data-element_type=\"container\" data-e-type=\"container\">\n\t\t<div class=\"elementor-element elementor-element-6e7f19b e-flex e-con-boxed e-con e-child\" data-id=\"6e7f19b\" data-element_type=\"container\" data-e-type=\"container\">\n\t\t\t\t\t<div class=\"e-con-inner\">\n\t\t\t\t<div class=\"elementor-element elementor-element-32e879b elementor-widget elementor-widget-eael-breadcrumbs\" data-id=\"32e879b\" data-element_type=\"widget\" data-e-type=\"widget\" data-widget_type=\"eael-breadcrumbs.default\">\n\t\t\t\t<div class=\"elementor-widget-container\">\n\t\t\t\t\t\t\t<div class=\"eael-breadcrumbs\">\n\t\t\t<div class=\"eael-breadcrumbs__content\"><a href=\"https:\/\/rnd-con.adozet.com\">Home<\/a> <span class=\"eael-breadcrumb-separator\">\/<\/span> <span class = \"eael-current\">Strona<\/span><\/div>\t\t<\/div>\n\t\t\t\t\t\t<\/div>\n\t\t\t\t<\/div>\n\t\t\t\t<div class=\"elementor-element elementor-element-cd0fc70 title elementor-widget elementor-widget-heading\" data-id=\"cd0fc70\" data-element_type=\"widget\" data-e-type=\"widget\" data-widget_type=\"heading.default\">\n\t\t\t\t\t<h2 class=\"elementor-heading-title elementor-size-default\">Kontakt<\/h2>\t\t\t\t<\/div>\n\t\t\t\t\t<\/div>\n\t\t\t\t<\/div>\n\t\t\t\t<\/div>\n\t\t<div class=\"elementor-element elementor-element-be78d73 e-con-full e-flex e-con e-child\" data-id=\"be78d73\" data-element_type=\"container\" data-e-type=\"container\">\n\t\t\t\t<div class=\"elementor-element elementor-element-eed9868 elementor-widget elementor-widget-spacer\" data-id=\"eed9868\" data-element_type=\"widget\" data-e-type=\"widget\" data-widget_type=\"spacer.default\">\n\t\t\t\t\t\t\t<div class=\"elementor-spacer\">\n\t\t\t<div class=\"elementor-spacer-inner\"><\/div>\n\t\t<\/div>\n\t\t\t\t\t\t<\/div>\n\t\t\t\t<\/div>\n\t\t<div class=\"elementor-element elementor-element-c9106f8 e-flex e-con-boxed e-con e-parent\" data-id=\"c9106f8\" data-element_type=\"container\" data-e-type=\"container\">\n\t\t\t\t\t<div class=\"e-con-inner\">\n\t\t\t\t<div class=\"elementor-element elementor-element-6a877a6 elementor-widget elementor-widget-html\" data-id=\"6a877a6\" data-element_type=\"widget\" data-e-type=\"widget\" data-widget_type=\"html.default\">\n\t\t\t\t\t<iframe src=\"https:\/\/www.google.com\/maps\/embed?pb=!1m18!1m12!1m3!1d2562.607665105801!2d21.99868977543082!3d50.03744701701642!2m3!1f0!2f0!3f0!3m2!1i1024!2i768!4f13.1!3m3!1m2!1s0x473cfb1613bbffff%3A0x1599d782e4dd5077!2sRND%20Aero!5e0!3m2!1spl!2spl!4v1771417037193!5m2!1spl!2spl\" width=\"600\" height=\"450\" style=\"border:0;\" allowfullscreen=\"\" loading=\"lazy\" referrerpolicy=\"no-referrer-when-downgrade\"><\/iframe>\t\t\t\t<\/div>\n\t\t\t\t\t<\/div>\n\t\t\t\t<\/div>\n\t\t<div class=\"elementor-element elementor-element-2a92e65 e-flex e-con-boxed e-con e-parent\" data-id=\"2a92e65\" data-element_type=\"container\" data-e-type=\"container\">\n\t\t\t\t\t<div class=\"e-con-inner\">\n\t\t<div class=\"elementor-element elementor-element-de3cccc e-con-full e-flex e-con e-child\" data-id=\"de3cccc\" data-element_type=\"container\" data-e-type=\"container\">\n\t\t\t\t<div class=\"elementor-element elementor-element-df78a08 elementor-widget elementor-widget-html\" data-id=\"df78a08\" data-element_type=\"widget\" data-e-type=\"widget\" data-widget_type=\"html.default\">\n\t\t\t\t\t<div style=\"display:flex; flex-wrap:wrap; gap:20px; width:100%;\">\r\n  <!-- Pierwsza kolumna -->\r\n  <div style=\"flex-basis:50%; min-width:250px; box-sizing:border-box;\">\r\n    <h4>Kontakt z nami<\/h4>\r\n    <p>Email: <a href=\"mailto:biuro@rndaero.com\" style=\"color:#555555; text-decoration:none;\"\r\n        onmouseover=\"this.style.color='#2eca6a';\" onmouseout=\"this.style.color='#555555';\">biuro@rndaero.com<\/a><\/p>\r\n\r\n    <h4>Znajd\u017a nas<\/h4>\r\n    <p>\r\n      <strong>RnD.Aero Sp. z o.o.<\/strong><br>\r\n      ul. Warszawska 55<br>\r\n      35-205 Rzesz\u00f3w, Polska<br><br>\r\n      <strong>Oddzia\u0142 Jasionka:<\/strong><br>\r\n      36-002 Jasionka 954E, Polska\r\n    <\/p>\r\n  <\/div>\r\n  <\/div>\t\t\t\t<\/div>\n\t\t\t\t<\/div>\n\t\t<div class=\"elementor-element elementor-element-b01ca40 e-con-full e-flex e-con e-child\" data-id=\"b01ca40\" data-element_type=\"container\" data-e-type=\"container\">\n\t\t\t\t<div class=\"elementor-element elementor-element-4b8f02e elementor-widget elementor-widget-html\" data-id=\"4b8f02e\" data-element_type=\"widget\" data-e-type=\"widget\" data-widget_type=\"html.default\">\n\t\t\t\t\t <div style=\"flex-basis:50%; min-width:250px; box-sizing:border-box;\">\r\n    <h4>Nasze dane<\/h4>\r\n    <p>\r\n      REGON: 369081930<br>\r\n      NIP: 5170386047<br>\r\n      KRS: 0000711668\r\n    <\/p>\r\n\r\n    <h4>Socialmedia<\/h4>\r\n    <ul style=\"padding-left:0; list-style:none; margin:0;\">\r\n      <li><a href=\"https:\/\/www.instagram.com\/rnd.aero\/\" target=\"_blank\" rel=\"noopener\"\r\n          style=\"color:#555555; text-decoration:none;\"\r\n          onmouseover=\"this.style.color='#2eca6a';\" onmouseout=\"this.style.color='#555555';\">Instagram<\/a><\/li>\r\n      <li><a href=\"https:\/\/www.linkedin.com\/company\/rndaero\" target=\"_blank\" rel=\"noopener\"\r\n          style=\"color:#555555; text-decoration:none;\"\r\n          onmouseover=\"this.style.color='#2eca6a';\" onmouseout=\"this.style.color='#555555';\">LinkedIn<\/a><\/li>\r\n    <\/ul>\r\n  <\/div>\r\n<\/div>\t\t\t\t<\/div>\n\t\t\t\t<\/div>\n\t\t\t\t\t<\/div>\n\t\t\t\t<\/div>\n\t\t\t\t<\/div>\n\t\t","protected":false},"excerpt":{"rendered":"<p>Home \/ Strona Kontakt Kontakt z nami Email: biuro@rndaero.com Znajd\u017a nas RnD.Aero Sp. z o.o. ul. Warszawska 55 35-205 Rzesz\u00f3w, Polska Oddzia\u0142 Jasionka: 36-002 Jasionka 954E, Polska Nasze dane REGON: 369081930 NIP: 5170386047 KRS: 0000711668 Socialmedia Instagram LinkedIn<\/p>\n","protected":false},"author":1,"featured_media":0,"parent":0,"menu_order":0,"comment_status":"closed","ping_status":"closed","template":"elementor_header_footer","meta":{"footnotes":""},"class_list":["post-298","page","type-page","status-publish","hentry"],"_links":{"self":[{"href":"https:\/\/rnd-con.adozet.com\/index.php\/wp-json\/wp\/v2\/pages\/298","targetHints":{"allow":["GET"]}}],"collection":[{"href":"https:\/\/rnd-con.adozet.com\/index.php\/wp-json\/wp\/v2\/pages"}],"about":[{"href":"https:\/\/rnd-con.adozet.com\/index.php\/wp-json\/wp\/v2\/types\/page"}],"author":[{"embeddable":true,"href":"https:\/\/rnd-con.adozet.com\/index.php\/wp-json\/wp\/v2\/users\/1"}],"replies":[{"embeddable":true,"href":"https:\/\/rnd-con.adozet.com\/index.php\/wp-json\/wp\/v2\/comments?post=298"}],"version-history":[{"count":40,"href":"https:\/\/rnd-con.adozet.com\/index.php\/wp-json\/wp\/v2\/pages\/298\/revisions"}],"predecessor-version":[{"id":451,"href":"https:\/\/rnd-con.adozet.com\/index.php\/wp-json\/wp\/v2\/pages\/298\/revisions\/451"}],"wp:attachment":[{"href":"https:\/\/rnd-con.adozet.com\/index.php\/wp-json\/wp\/v2\/media?parent=298"}],"curies":[{"name":"wp","href":"https:\/\/api.w.org\/{rel}","templated":true}]}}