{"id":255,"date":"2026-02-18T09:16:12","date_gmt":"2026-02-18T09:16:12","guid":{"rendered":"https:\/\/rnd-con.adozet.com\/?page_id=255"},"modified":"2026-02-26T08:04:51","modified_gmt":"2026-02-26T08:04:51","slug":"o-firmie","status":"publish","type":"page","link":"https:\/\/rnd-con.adozet.com\/index.php\/o-firmie\/","title":{"rendered":"O Firmie"},"content":{"rendered":"\t\t<div data-elementor-type=\"wp-page\" data-elementor-id=\"255\" class=\"elementor elementor-255\">\n\t\t\t\t<div class=\"elementor-element elementor-element-c37a18e e-con-full e-flex e-con e-parent\" data-id=\"c37a18e\" data-element_type=\"container\" data-e-type=\"container\">\n\t\t\t\t<div class=\"elementor-element elementor-element-6c48e03 elementor-widget elementor-widget-spacer\" data-id=\"6c48e03\" data-element_type=\"widget\" data-e-type=\"widget\" data-widget_type=\"spacer.default\">\n\t\t\t\t\t\t\t<div class=\"elementor-spacer\">\n\t\t\t<div class=\"elementor-spacer-inner\"><\/div>\n\t\t<\/div>\n\t\t\t\t\t\t<\/div>\n\t\t\t\t<\/div>\n\t\t<div class=\"elementor-element elementor-element-2fd00aa e-con-full e-flex e-con e-parent\" data-id=\"2fd00aa\" data-element_type=\"container\" data-e-type=\"container\">\n\t\t<div class=\"elementor-element elementor-element-b9ee1ef e-flex e-con-boxed e-con e-child\" data-id=\"b9ee1ef\" data-element_type=\"container\" data-e-type=\"container\">\n\t\t\t\t\t<div class=\"e-con-inner\">\n\t\t\t\t<div class=\"elementor-element elementor-element-1f5bb0e elementor-widget elementor-widget-eael-breadcrumbs\" data-id=\"1f5bb0e\" data-element_type=\"widget\" data-e-type=\"widget\" data-widget_type=\"eael-breadcrumbs.default\">\n\t\t\t\t<div class=\"elementor-widget-container\">\n\t\t\t\t\t\t\t<div class=\"eael-breadcrumbs\">\n\t\t\t<div class=\"eael-breadcrumbs__content\"><a href=\"https:\/\/rnd-con.adozet.com\">Home<\/a> <span class=\"eael-breadcrumb-separator\">\/<\/span> <span class = \"eael-current\">Strona<\/span><\/div>\t\t<\/div>\n\t\t\t\t\t\t<\/div>\n\t\t\t\t<\/div>\n\t\t\t\t<div class=\"elementor-element elementor-element-4658c1b title elementor-widget elementor-widget-heading\" data-id=\"4658c1b\" data-element_type=\"widget\" data-e-type=\"widget\" data-widget_type=\"heading.default\">\n\t\t\t\t\t<h2 class=\"elementor-heading-title elementor-size-default\">O Firmie<\/h2>\t\t\t\t<\/div>\n\t\t\t\t<div class=\"elementor-element elementor-element-c7884cc elementor-widget elementor-widget-text-editor\" data-id=\"c7884cc\" data-element_type=\"widget\" data-e-type=\"widget\" data-widget_type=\"text-editor.default\">\n\t\t\t\t\t\t\t\t\t<p align=\"justify\">RnD.Aero jest firm\u0105 prywatn\u0105 powsta\u0142\u0105 w 2017 roku. Firma RnD.Aero zosta\u0142a za\u0142o\u017cona przez specjalist\u00f3w z dziedziny lotnictwa i zarz\u0105dzania w celu organizowania, wspierania oraz kompleksowego przeprowadzania certyfikacji Organizacji Part 21 (POA, DOA), Lotniczych System\u00f3w Zarz\u0105dzania Jako\u015bci\u0105 (EN9100, EN9120) oraz opracowywania metodyki zarz\u0105dzania projektami w Organizacjach Lotniczych w celu integracji proces\u00f3w biznesowych w firmie z procesami w Zatwierdzonych Organizacjach Lotniczych.<\/p>\n<p align=\"justify\">Firm\u0119 RnD.Aero wsp\u00f3\u0142tworz\u0105 absolwenci jak i pracownicy naukowo-dydaktyczni Politechniki Rzeszowskiej, Uniwersytetu Rzeszowskiego. Nasz zesp\u00f3\u0142 posiada bieg\u0142\u0105 znajomo\u015b\u0107 przepis\u00f3w Part-21, specjalistyczne szkolenia z przepis\u00f3w bran\u017cy lotniczej oraz wieloletnie do\u015bwiadczenie w pracy w Zatwierdzonych Organizacjach Lotniczych.<\/p>\n<p align=\"justify\">Jak dzia\u0142amy:<\/p>\n\n<ol>\n \t<li>Poznanie Organizacji i zbadanie jej potrzeb i szans.<\/li>\n \t<li>Wsp\u00f3lne przygotowanie planu dzia\u0142ania.<\/li>\n \t<li>Opracowanie optymalnego rozwi\u0105zania.<\/li>\n \t<li>Wsp\u00f3lne wdro\u017cenie zmiany w Pa\u0144stwa Organizacji.<\/li>\n \t<li>Ocena wdro\u017cenia i doskonalenie.<\/li>\n<\/ol><br>\nTe pi\u0119\u0107 podstawowych krok\u00f3w zapewnia sukces ka\u017cdego wdro\u017cenia.\t\t\t\t\t\t\t\t<\/div>\n\t\t\t\t\t<\/div>\n\t\t\t\t<\/div>\n\t\t\t\t<\/div>\n\t\t<div class=\"elementor-element elementor-element-e910413 e-flex e-con-boxed e-con e-parent\" data-id=\"e910413\" data-element_type=\"container\" data-e-type=\"container\">\n\t\t\t\t\t<div class=\"e-con-inner\">\n\t\t\t\t<div class=\"elementor-element elementor-element-c95c48d elementor-widget elementor-widget-spacer\" data-id=\"c95c48d\" data-element_type=\"widget\" data-e-type=\"widget\" data-widget_type=\"spacer.default\">\n\t\t\t\t\t\t\t<div class=\"elementor-spacer\">\n\t\t\t<div class=\"elementor-spacer-inner\"><\/div>\n\t\t<\/div>\n\t\t\t\t\t\t<\/div>\n\t\t\t\t\t<\/div>\n\t\t\t\t<\/div>\n\t\t<div class=\"elementor-element elementor-element-a6658db e-flex e-con-boxed e-con e-parent\" data-id=\"a6658db\" data-element_type=\"container\" data-e-type=\"container\">\n\t\t\t\t\t<div class=\"e-con-inner\">\n\t\t\t\t<div class=\"elementor-element elementor-element-584dcdd elementor-widget elementor-widget-spacer\" data-id=\"584dcdd\" data-element_type=\"widget\" data-e-type=\"widget\" data-widget_type=\"spacer.default\">\n\t\t\t\t\t\t\t<div class=\"elementor-spacer\">\n\t\t\t<div class=\"elementor-spacer-inner\"><\/div>\n\t\t<\/div>\n\t\t\t\t\t\t<\/div>\n\t\t\t\t\t<\/div>\n\t\t\t\t<\/div>\n\t\t\t\t<\/div>\n\t\t","protected":false},"excerpt":{"rendered":"<p>Home \/ Strona O Firmie RnD.Aero jest firm\u0105 prywatn\u0105 powsta\u0142\u0105 w 2017 roku. Firma RnD.Aero zosta\u0142a za\u0142o\u017cona przez specjalist\u00f3w z dziedziny lotnictwa i zarz\u0105dzania w celu organizowania, wspierania oraz kompleksowego przeprowadzania certyfikacji Organizacji Part 21 (POA, DOA), Lotniczych System\u00f3w Zarz\u0105dzania Jako\u015bci\u0105 (EN9100, EN9120) oraz opracowywania metodyki zarz\u0105dzania projektami w Organizacjach Lotniczych w celu integracji proces\u00f3w [&hellip;]<\/p>\n","protected":false},"author":1,"featured_media":0,"parent":0,"menu_order":0,"comment_status":"closed","ping_status":"closed","template":"elementor_header_footer","meta":{"footnotes":""},"class_list":["post-255","page","type-page","status-publish","hentry"],"_links":{"self":[{"href":"https:\/\/rnd-con.adozet.com\/index.php\/wp-json\/wp\/v2\/pages\/255","targetHints":{"allow":["GET"]}}],"collection":[{"href":"https:\/\/rnd-con.adozet.com\/index.php\/wp-json\/wp\/v2\/pages"}],"about":[{"href":"https:\/\/rnd-con.adozet.com\/index.php\/wp-json\/wp\/v2\/types\/page"}],"author":[{"embeddable":true,"href":"https:\/\/rnd-con.adozet.com\/index.php\/wp-json\/wp\/v2\/users\/1"}],"replies":[{"embeddable":true,"href":"https:\/\/rnd-con.adozet.com\/index.php\/wp-json\/wp\/v2\/comments?post=255"}],"version-history":[{"count":41,"href":"https:\/\/rnd-con.adozet.com\/index.php\/wp-json\/wp\/v2\/pages\/255\/revisions"}],"predecessor-version":[{"id":499,"href":"https:\/\/rnd-con.adozet.com\/index.php\/wp-json\/wp\/v2\/pages\/255\/revisions\/499"}],"wp:attachment":[{"href":"https:\/\/rnd-con.adozet.com\/index.php\/wp-json\/wp\/v2\/media?parent=255"}],"curies":[{"name":"wp","href":"https:\/\/api.w.org\/{rel}","templated":true}]}}